{"id":375,"date":"2025-08-25T08:13:17","date_gmt":"2025-08-25T11:13:17","guid":{"rendered":"https:\/\/ihealthbr.com\/?page_id=375"},"modified":"2025-08-25T09:39:29","modified_gmt":"2025-08-25T12:39:29","slug":"esqueci-a-senha","status":"publish","type":"page","link":"https:\/\/ihealthbr.com\/es\/esqueci-a-senha\/","title":{"rendered":"Esqueci a senha"},"content":{"rendered":"<div data-elementor-type=\"wp-page\" data-elementor-id=\"375\" class=\"elementor elementor-375\" data-elementor-post-type=\"page\">\n\t\t\t\t<div class=\"elementor-element elementor-element-8973242 e-flex e-con-boxed e-con e-parent\" data-id=\"8973242\" data-element_type=\"container\" data-e-type=\"container\">\n\t\t\t\t\t<div class=\"e-con-inner\">\n\t\t<div class=\"elementor-element elementor-element-74124cc e-con-full e-flex e-con e-child\" data-id=\"74124cc\" data-element_type=\"container\" data-e-type=\"container\">\n\t\t\t\t<div class=\"elementor-element elementor-element-0331cb3 elementor-widget__width-initial animar-ao-rolar elementor-vertical-align-top elementor-widget elementor-widget-image-box\" data-id=\"0331cb3\" data-element_type=\"widget\" data-e-type=\"widget\" data-widget_type=\"image-box.default\">\n\t\t\t\t\t<div class=\"elementor-image-box-wrapper\"><div class=\"elementor-image-box-content\"><h1 class=\"elementor-image-box-title\">\u00bfOlvid\u00f3 su contrase\u00f1a?<\/h1><p class=\"elementor-image-box-description\">Ingrese su correo electr\u00f3nico para recibir las instrucciones necesarias para restablecer su contrase\u00f1a<\/p><\/div><\/div>\t\t\t\t<\/div>\n\t\t\t\t<div class=\"elementor-element elementor-element-52ff5f1 elementor-widget__width-inherit elementor-widget elementor-widget-jet-form-builder-form\" data-id=\"52ff5f1\" data-element_type=\"widget\" data-e-type=\"widget\" data-widget_type=\"jet-form-builder-form.default\">\n\t\t\t\t<div class=\"elementor-widget-container\">\n\t\t\t\t\t<link rel='stylesheet' id='wp-block-library-css' href='https:\/\/ihealthbr.com\/wp-includes\/css\/dist\/block-library\/style.min.css?ver=6.9.4' media='all' \/>\n<style id=\"jet-form-builder-372-inline-css\"><\/style><form  class=\"jet-form-builder layout-column submit-type-reload\" action=\"https:\/\/ihealthbr.com\/es\/wp-json\/wp\/v2\/pages\/375\/?cA43TR=cxAfIt5rs5&#038;method=reload\" method=\"POST\" data-form-id=\"372\" data-layout=\"column\" enctype=\"multipart\/form-data\" novalidate=\"null\" ssr_validation_method=\"rest\" data-trp-original-action=\"https:\/\/ihealthbr.com\/es\/wp-json\/wp\/v2\/pages\/375\/?cA43TR=cxAfIt5rs5&amp;method=reload\"><input type=\"hidden\" id=\"_wpnonce\" name=\"_wpnonce\" value=\"28db6468fc\" \/><input type=\"hidden\" name=\"_wp_http_referer\" value=\"\/es\/wp-json\/wp\/v2\/pages\/375\" \/>\r\n<input type=\"hidden\" name=\"_jfb_current_render_states[]\" value=\"DEFAULT.STATE\" data-jfb-sync \/><input type=\"hidden\" class=\"jet-form-builder__field hidden-field\" name=\"_jet_engine_booking_form_id\" data-field-name=\"_jet_engine_booking_form_id\" value=\"372\">\n<input type=\"hidden\" class=\"jet-form-builder__field hidden-field\" name=\"_jet_engine_refer\" data-field-name=\"_jet_engine_refer\" value=\"https:\/\/ihealthbr.com\/es\/wp-json\/wp\/v2\/pages\/375\/\">\n<input type=\"hidden\" class=\"jet-form-builder__field hidden-field\" name=\"__queried_post_id\" data-field-name=\"__queried_post_id\" value=\"375\">\n<input type=\"hidden\" class=\"jet-form-builder__field hidden-field\" name=\"_user_journey\" data-field-name=\"_user_journey\">\n\n<div  class=\"jet-form-builder-row field-type-text-field\" >\n<div class=\"jet-form-builder__label\">\r\n<div class=\"jet-form-builder__label-text\">Email<\/div><\/div><div class=\"jet-form-builder__field-wrap\">\n\t\t\t\t<input name=\"user_login_or_email\" id=\"user_login_or_email\" type=\"text\" data-field-name=\"user_login_or_email\" class=\"jet-form-builder__field text-field\" data-jfb-sync=\"null\" autocomplete=\"off_hUJaRD7j\">\n\t\t\t\t\t<\/div>\n<\/div>\n\n\n\n<div  class=\"jet-form-builder-row field-type-submit-field\" >\n\t<div data-type=\"submit\" class=\"jet-form-builder__action-button-wrapper jet-form-builder__submit-wrap\">\n\t<button class=\"jet-form-builder__action-button jet-form-builder__submit submit-type-reload\" type=\"submit\">Enviar<\/button>\n\t<\/div>\n\t\n<\/div>\n\n\n\n<p><\/p>\n\t<div class=\"jet-form-builder-messages-wrap\" data-form-id=\"372\"><\/div>\n<input type=\"hidden\" name=\"trp-form-language\" value=\"es\"\/><\/form>\n\t\t\t\t<\/div>\n\t\t\t\t<\/div>\n\t\t\t\t<\/div>\n\t\t\t\t\t<\/div>\n\t\t\t\t<\/div>\n\t\t\t\t<\/div>","protected":false},"excerpt":{"rendered":"<p>Esqueceu a sua senha? Insira seu email para receber as instru\u00e7\u00f5es necess\u00e1rias apra resetar sua senha Email Enviar<\/p>","protected":false},"author":1,"featured_media":0,"parent":0,"menu_order":0,"comment_status":"closed","ping_status":"closed","template":"","meta":{"footnotes":""},"class_list":["post-375","page","type-page","status-publish","hentry"],"yoast_head":"<!-- This site is optimized with the Yoast SEO plugin v27.2 - https:\/\/yoast.com\/product\/yoast-seo-wordpress\/ -->\n<title>Esqueci a senha | iHealth<\/title>\n<meta name=\"robots\" content=\"index, follow, max-snippet:-1, max-image-preview:large, max-video-preview:-1\" \/>\n<link rel=\"canonical\" href=\"https:\/\/ihealthbr.com\/es\/esqueci-a-senha\/\" \/>\n<meta property=\"og:locale\" content=\"es_ES\" \/>\n<meta property=\"og:type\" content=\"article\" \/>\n<meta property=\"og:title\" content=\"Esqueci a senha | iHealth\" \/>\n<meta property=\"og:description\" content=\"Esqueceu a sua senha? Insira seu email para receber as instru\u00e7\u00f5es necess\u00e1rias apra resetar sua senha Email Enviar\" \/>\n<meta property=\"og:url\" content=\"https:\/\/ihealthbr.com\/es\/esqueci-a-senha\/\" \/>\n<meta property=\"og:site_name\" content=\"iHealth\" \/>\n<meta property=\"article:modified_time\" content=\"2025-08-25T12:39:29+00:00\" \/>\n<meta name=\"twitter:card\" content=\"summary_large_image\" \/>\n<meta name=\"twitter:label1\" content=\"Tiempo de lectura\" \/>\n\t<meta name=\"twitter:data1\" content=\"1 minuto\" \/>\n<script type=\"application\/ld+json\" class=\"yoast-schema-graph\">{\"@context\":\"https:\/\/schema.org\",\"@graph\":[{\"@type\":\"WebPage\",\"@id\":\"https:\/\/ihealthbr.com\/esqueci-a-senha\/\",\"url\":\"https:\/\/ihealthbr.com\/esqueci-a-senha\/\",\"name\":\"Esqueci a senha | iHealth\",\"isPartOf\":{\"@id\":\"https:\/\/ihealthbr.com\/#website\"},\"datePublished\":\"2025-08-25T11:13:17+00:00\",\"dateModified\":\"2025-08-25T12:39:29+00:00\",\"breadcrumb\":{\"@id\":\"https:\/\/ihealthbr.com\/esqueci-a-senha\/#breadcrumb\"},\"inLanguage\":\"es\",\"potentialAction\":[{\"@type\":\"ReadAction\",\"target\":[\"https:\/\/ihealthbr.com\/esqueci-a-senha\/\"]}]},{\"@type\":\"BreadcrumbList\",\"@id\":\"https:\/\/ihealthbr.com\/esqueci-a-senha\/#breadcrumb\",\"itemListElement\":[{\"@type\":\"ListItem\",\"position\":1,\"name\":\"In\u00edcio\",\"item\":\"https:\/\/ihealthbr.com\/\"},{\"@type\":\"ListItem\",\"position\":2,\"name\":\"Esqueci a senha\"}]},{\"@type\":\"WebSite\",\"@id\":\"https:\/\/ihealthbr.com\/#website\",\"url\":\"https:\/\/ihealthbr.com\/\",\"name\":\"iHealth\",\"description\":\"Terapia Online\",\"alternateName\":\"iHealth Brasil\",\"potentialAction\":[{\"@type\":\"SearchAction\",\"target\":{\"@type\":\"EntryPoint\",\"urlTemplate\":\"https:\/\/ihealthbr.com\/?s={search_term_string}\"},\"query-input\":{\"@type\":\"PropertyValueSpecification\",\"valueRequired\":true,\"valueName\":\"search_term_string\"}}],\"inLanguage\":\"es\"}]}<\/script>\n<!-- \/ Yoast SEO plugin. -->","yoast_head_json":{"title":"Esqueci a senha | iHealth","robots":{"index":"index","follow":"follow","max-snippet":"max-snippet:-1","max-image-preview":"max-image-preview:large","max-video-preview":"max-video-preview:-1"},"canonical":"https:\/\/ihealthbr.com\/es\/esqueci-a-senha\/","og_locale":"es_ES","og_type":"article","og_title":"Esqueci a senha | iHealth","og_description":"Esqueceu a sua senha? Insira seu email para receber as instru\u00e7\u00f5es necess\u00e1rias apra resetar sua senha Email Enviar","og_url":"https:\/\/ihealthbr.com\/es\/esqueci-a-senha\/","og_site_name":"iHealth","article_modified_time":"2025-08-25T12:39:29+00:00","twitter_card":"summary_large_image","twitter_misc":{"Tiempo de lectura":"1 minuto"},"schema":{"@context":"https:\/\/schema.org","@graph":[{"@type":"WebPage","@id":"https:\/\/ihealthbr.com\/esqueci-a-senha\/","url":"https:\/\/ihealthbr.com\/esqueci-a-senha\/","name":"Esqueci a senha | iHealth","isPartOf":{"@id":"https:\/\/ihealthbr.com\/#website"},"datePublished":"2025-08-25T11:13:17+00:00","dateModified":"2025-08-25T12:39:29+00:00","breadcrumb":{"@id":"https:\/\/ihealthbr.com\/esqueci-a-senha\/#breadcrumb"},"inLanguage":"es","potentialAction":[{"@type":"ReadAction","target":["https:\/\/ihealthbr.com\/esqueci-a-senha\/"]}]},{"@type":"BreadcrumbList","@id":"https:\/\/ihealthbr.com\/esqueci-a-senha\/#breadcrumb","itemListElement":[{"@type":"ListItem","position":1,"name":"In\u00edcio","item":"https:\/\/ihealthbr.com\/"},{"@type":"ListItem","position":2,"name":"Esqueci a senha"}]},{"@type":"WebSite","@id":"https:\/\/ihealthbr.com\/#website","url":"https:\/\/ihealthbr.com\/","name":"iHealth","description":"Terapia Online","alternateName":"iHealth Brasil","potentialAction":[{"@type":"SearchAction","target":{"@type":"EntryPoint","urlTemplate":"https:\/\/ihealthbr.com\/?s={search_term_string}"},"query-input":{"@type":"PropertyValueSpecification","valueRequired":true,"valueName":"search_term_string"}}],"inLanguage":"es"}]}},"_links":{"self":[{"href":"https:\/\/ihealthbr.com\/es\/wp-json\/wp\/v2\/pages\/375","targetHints":{"allow":["GET"]}}],"collection":[{"href":"https:\/\/ihealthbr.com\/es\/wp-json\/wp\/v2\/pages"}],"about":[{"href":"https:\/\/ihealthbr.com\/es\/wp-json\/wp\/v2\/types\/page"}],"author":[{"embeddable":true,"href":"https:\/\/ihealthbr.com\/es\/wp-json\/wp\/v2\/users\/1"}],"replies":[{"embeddable":true,"href":"https:\/\/ihealthbr.com\/es\/wp-json\/wp\/v2\/comments?post=375"}],"version-history":[{"count":0,"href":"https:\/\/ihealthbr.com\/es\/wp-json\/wp\/v2\/pages\/375\/revisions"}],"wp:attachment":[{"href":"https:\/\/ihealthbr.com\/es\/wp-json\/wp\/v2\/media?parent=375"}],"curies":[{"name":"wp","href":"https:\/\/api.w.org\/{rel}","templated":true}]}}